{"id":621,"date":"2024-09-16T11:44:00","date_gmt":"2024-09-16T09:44:00","guid":{"rendered":"https:\/\/schwarzbistro.ro\/despre-noi\/"},"modified":"2025-01-09T14:23:54","modified_gmt":"2025-01-09T13:23:54","slug":"despre-noi","status":"publish","type":"page","link":"https:\/\/schwarzbistro.ro\/ro\/despre-noi\/","title":{"rendered":"Despre noi"},"content":{"rendered":"\t\t<div data-elementor-type=\"wp-page\" data-elementor-id=\"621\" class=\"elementor elementor-621 elementor-77\" data-elementor-post-type=\"page\">\n\t\t\t\t<div class=\"elementor-element elementor-element-84eb9af e-flex e-con-boxed e-con e-parent\" data-id=\"84eb9af\" data-element_type=\"container\" data-e-type=\"container\" data-settings=\"{&quot;background_motion_fx_devices&quot;:[&quot;desktop&quot;,&quot;tablet&quot;,&quot;mobile&quot;]}\">\n\t\t\t\t\t<div class=\"e-con-inner\">\n\t\t<div class=\"elementor-element elementor-element-acb31bf e-con-full e-flex e-con e-child\" data-id=\"acb31bf\" data-element_type=\"container\" data-e-type=\"container\">\n\t\t\t\t<div class=\"elementor-element elementor-element-f3ee27b elementor-invisible elementor-widget elementor-widget-image\" data-id=\"f3ee27b\" data-element_type=\"widget\" data-e-type=\"widget\" data-settings=\"{&quot;_animation&quot;:&quot;fadeIn&quot;}\" data-widget_type=\"image.default\">\n\t\t\t\t<div class=\"elementor-widget-container\">\n\t\t\t\t\t\t\t\t\t\t\t\t\t\t\t<img decoding=\"async\" width=\"135\" height=\"117\" src=\"https:\/\/schwarzbistro.ro\/wp-content\/uploads\/2024\/10\/schwarz-bistro-logo-dark.svg\" class=\"attachment-large size-large wp-image-166\" alt=\"\" \/>\t\t\t\t\t\t\t\t\t\t\t\t\t\t\t<\/div>\n\t\t\t\t<\/div>\n\t\t\t\t<div class=\"elementor-element elementor-element-090620a elementor-invisible elementor-widget elementor-widget-heading\" data-id=\"090620a\" data-element_type=\"widget\" data-e-type=\"widget\" data-settings=\"{&quot;_animation&quot;:&quot;fadeIn&quot;,&quot;_animation_delay&quot;:250}\" data-widget_type=\"heading.default\">\n\t\t\t\t<div class=\"elementor-widget-container\">\n\t\t\t\t\t<h2 class=\"elementor-heading-title elementor-size-default\">INTRODUCERE<\/h2>\t\t\t\t<\/div>\n\t\t\t\t<\/div>\n\t\t\t\t<div class=\"elementor-element elementor-element-933f64d elementor-invisible elementor-widget elementor-widget-heading\" data-id=\"933f64d\" data-element_type=\"widget\" data-e-type=\"widget\" data-settings=\"{&quot;_animation&quot;:&quot;fadeIn&quot;,&quot;_animation_delay&quot;:500}\" data-widget_type=\"heading.default\">\n\t\t\t\t<div class=\"elementor-widget-container\">\n\t\t\t\t\t<h1 class=\"elementor-heading-title elementor-size-default\">CINE \u0218I DE CE?<\/h1>\t\t\t\t<\/div>\n\t\t\t\t<\/div>\n\t\t\t\t<\/div>\n\t\t<div class=\"elementor-element elementor-element-783219c e-flex e-con-boxed elementor-invisible e-con e-child\" data-id=\"783219c\" data-element_type=\"container\" data-e-type=\"container\" data-settings=\"{&quot;background_background&quot;:&quot;classic&quot;,&quot;animation&quot;:&quot;fadeInUp&quot;,&quot;animation_delay&quot;:1000}\">\n\t\t\t\t\t<div class=\"e-con-inner\">\n\t\t<div class=\"elementor-element elementor-element-c869e64 e-con-full e-flex e-con e-child\" data-id=\"c869e64\" data-element_type=\"container\" data-e-type=\"container\" data-settings=\"{&quot;background_background&quot;:&quot;classic&quot;}\">\n\t\t\t\t<div class=\"elementor-element elementor-element-9d2b425 elementor-widget elementor-widget-text-editor\" data-id=\"9d2b425\" data-element_type=\"widget\" data-e-type=\"widget\" data-widget_type=\"text-editor.default\">\n\t\t\t\t<div class=\"elementor-widget-container\">\n\t\t\t\t\t\t\t\t\t<p><span data-sheets-root=\"1\">Re\u00eennoire constant\u0103, buc\u0103t\u0103rie fusion de mar\u021bi p\u00e2n\u0103 s\u00e2mb\u0103t\u0103.<\/span><\/p>\n\t\t\t\t\t\t\t\t<\/div>\n\t\t\t\t<\/div>\n\t\t\t\t<div class=\"elementor-element elementor-element-fbe1f00 elementor-widget-divider--view-line elementor-widget elementor-widget-divider\" data-id=\"fbe1f00\" data-element_type=\"widget\" data-e-type=\"widget\" data-widget_type=\"divider.default\">\n\t\t\t\t<div class=\"elementor-widget-container\">\n\t\t\t\t\t\t\t<div class=\"elementor-divider\">\n\t\t\t<span class=\"elementor-divider-separator\">\n\t\t\t\t\t\t<\/span>\n\t\t<\/div>\n\t\t\t\t\t\t<\/div>\n\t\t\t\t<\/div>\n\t\t\t\t<div class=\"elementor-element elementor-element-1818939 elementor-widget elementor-widget-text-editor\" data-id=\"1818939\" data-element_type=\"widget\" data-e-type=\"widget\" data-widget_type=\"text-editor.default\">\n\t\t\t\t<div class=\"elementor-widget-container\">\n\t\t\t\t\t\t\t\t\t<p><span data-sheets-root=\"1\">Dac\u0103 nu v\u0103 este team\u0103 s\u0103 \u00eencerca\u021bi ceva diferit, face\u021bi-ne o vizit\u0103.<\/span><\/p>\n\t\t\t\t\t\t\t\t<\/div>\n\t\t\t\t<\/div>\n\t\t\t\t<\/div>\n\t\t\t\t<div class=\"elementor-element elementor-element-bf364d1 elementor-widget__width-initial elementor-widget-mobile__width-inherit elementor-widget elementor-widget-text-editor\" data-id=\"bf364d1\" data-element_type=\"widget\" data-e-type=\"widget\" data-widget_type=\"text-editor.default\">\n\t\t\t\t<div class=\"elementor-widget-container\">\n\t\t\t\t\t\t\t\t\t<p><span data-sheets-root=\"1\">Restaurantul nostru este rezultatul pasiunii noastre pentru ingredientele locale, ospitalitatea la scar\u0103 mic\u0103, re\u00eennoirea \u0219i \u00eencrederea \u00een gastronomia \u00een continu\u0103 evolu\u021bie a Transilvaniei. Acesta a fost creat de buc\u0103tarul \u0219ef R\u00f3bert Vass, somelierul Tam\u00e1s \u00c1goston \u0219i doi pasiona\u021bi de gastronomie Szabolcs \u0219i Orsolya P\u00e9ter.<\/span><\/p>\n\t\t\t\t\t\t\t\t<\/div>\n\t\t\t\t<\/div>\n\t\t\t\t<div class=\"elementor-element elementor-element-91b3e9d elementor-widget__width-initial elementor-arrows-position-inside elementor-widget elementor-widget-image-carousel\" data-id=\"91b3e9d\" data-element_type=\"widget\" data-e-type=\"widget\" data-settings=\"{&quot;slides_to_show&quot;:&quot;1&quot;,&quot;navigation&quot;:&quot;arrows&quot;,&quot;lazyload&quot;:&quot;yes&quot;,&quot;autoplay&quot;:&quot;yes&quot;,&quot;pause_on_interaction&quot;:&quot;yes&quot;,&quot;autoplay_speed&quot;:5000,&quot;infinite&quot;:&quot;yes&quot;,&quot;effect&quot;:&quot;slide&quot;,&quot;speed&quot;:500}\" data-widget_type=\"image-carousel.default\">\n\t\t\t\t<div class=\"elementor-widget-container\">\n\t\t\t\t\t\t\t<div class=\"elementor-image-carousel-wrapper swiper\" role=\"region\" aria-roledescription=\"carousel\" aria-label=\"Carusel de imagini\" dir=\"ltr\">\n\t\t\t<div class=\"elementor-image-carousel swiper-wrapper swiper-image-stretch\" aria-live=\"off\">\n\t\t\t\t\t\t\t\t<div class=\"swiper-slide\" role=\"group\" aria-roledescription=\"slide\" aria-label=\"1 din 3\"><figure class=\"swiper-slide-inner\"><img class=\"swiper-slide-image swiper-lazy\" data-src=\"https:\/\/schwarzbistro.ro\/wp-content\/uploads\/2024\/12\/IMG_0464r-1024x683.jpg\" alt=\"IMG_0464r\" \/><div class=\"swiper-lazy-preloader\"><\/div><\/figure><\/div><div class=\"swiper-slide\" role=\"group\" aria-roledescription=\"slide\" aria-label=\"2 din 3\"><figure class=\"swiper-slide-inner\"><img class=\"swiper-slide-image swiper-lazy\" data-src=\"https:\/\/schwarzbistro.ro\/wp-content\/uploads\/2024\/12\/IMG_3552-1024x683.jpg\" alt=\"IMG_3552\" \/><div class=\"swiper-lazy-preloader\"><\/div><\/figure><\/div><div class=\"swiper-slide\" role=\"group\" aria-roledescription=\"slide\" aria-label=\"3 din 3\"><figure class=\"swiper-slide-inner\"><img class=\"swiper-slide-image swiper-lazy\" data-src=\"https:\/\/schwarzbistro.ro\/wp-content\/uploads\/2024\/12\/IMG_1616-1024x683.jpg\" alt=\"IMG_1616\" \/><div class=\"swiper-lazy-preloader\"><\/div><\/figure><\/div>\t\t\t<\/div>\n\t\t\t\t\t\t\t\t\t\t\t\t<div class=\"elementor-swiper-button elementor-swiper-button-prev\" role=\"button\" tabindex=\"0\">\n\t\t\t\t\t\t<svg aria-hidden=\"true\" class=\"e-font-icon-svg e-eicon-chevron-left\" viewBox=\"0 0 1000 1000\" xmlns=\"http:\/\/www.w3.org\/2000\/svg\"><path d=\"M646 125C629 125 613 133 604 142L308 442C296 454 292 471 292 487 292 504 296 521 308 533L604 854C617 867 629 875 646 875 663 875 679 871 692 858 704 846 713 829 713 812 713 796 708 779 692 767L438 487 692 225C700 217 708 204 708 187 708 171 704 154 692 142 675 129 663 125 646 125Z\"><\/path><\/svg>\t\t\t\t\t<\/div>\n\t\t\t\t\t<div class=\"elementor-swiper-button elementor-swiper-button-next\" role=\"button\" tabindex=\"0\">\n\t\t\t\t\t\t<svg aria-hidden=\"true\" class=\"e-font-icon-svg e-eicon-chevron-right\" viewBox=\"0 0 1000 1000\" xmlns=\"http:\/\/www.w3.org\/2000\/svg\"><path d=\"M696 533C708 521 713 504 713 487 713 471 708 454 696 446L400 146C388 133 375 125 354 125 338 125 325 129 313 142 300 154 292 171 292 187 292 204 296 221 308 233L563 492 304 771C292 783 288 800 288 817 288 833 296 850 308 863 321 871 338 875 354 875 371 875 388 867 400 854L696 533Z\"><\/path><\/svg>\t\t\t\t\t<\/div>\n\t\t\t\t\n\t\t\t\t\t\t\t\t\t<\/div>\n\t\t\t\t\t\t<\/div>\n\t\t\t\t<\/div>\n\t\t\t\t<div class=\"elementor-element elementor-element-a650749 elementor-widget__width-initial elementor-widget-mobile__width-inherit elementor-widget elementor-widget-text-editor\" data-id=\"a650749\" data-element_type=\"widget\" data-e-type=\"widget\" data-widget_type=\"text-editor.default\">\n\t\t\t\t<div class=\"elementor-widget-container\">\n\t\t\t\t\t\t\t\t\t<p><span data-sheets-root=\"1\">Casa veche de 110 ani din apropierea centrului, care serve\u0219te \u0219i ca locuin\u021b\u0103 a doi dintre proprietarii no\u0219tri, a fost renovat\u0103 cu dragoste \u0219i transformat\u0103 \u00eentr-o buc\u0103t\u0103rie profesional\u0103 \u0219i un spa\u021biu pentru oaspe\u021bi care poate g\u0103zdui p\u00e2n\u0103 la 38 de persoane. Ideea a fost foarte simpl\u0103: am vrut s\u0103 cre\u0103m un loc \u00een care oaspe\u021bii s\u0103 se simt\u0103 ca \u0219i cum ar fi venit acas\u0103 sau ar fi stat \u00een sufrageria unui prieten drag. Credem c\u0103 ceva este cu adev\u0103rat bun doar dac\u0103 \u00ee\u021bi pui inima \u0219i sufletul \u00een el. Buc\u0103t\u0103ria noastr\u0103 este experimental\u0103, dar ne place s\u0103 \u00eembin\u0103m aromele \u0219i ingredientele transilv\u0103nene cu conceptele alimentare din Orientul \u00cendep\u0103rtat.<\/span><\/p>\n\t\t\t\t\t\t\t\t<\/div>\n\t\t\t\t<\/div>\n\t\t\t\t<div class=\"elementor-element elementor-element-8e8f062 elementor-widget__width-initial elementor-arrows-position-inside elementor-widget elementor-widget-image-carousel\" data-id=\"8e8f062\" data-element_type=\"widget\" data-e-type=\"widget\" data-settings=\"{&quot;slides_to_show&quot;:&quot;1&quot;,&quot;navigation&quot;:&quot;arrows&quot;,&quot;lazyload&quot;:&quot;yes&quot;,&quot;autoplay&quot;:&quot;yes&quot;,&quot;pause_on_interaction&quot;:&quot;yes&quot;,&quot;autoplay_speed&quot;:5000,&quot;infinite&quot;:&quot;yes&quot;,&quot;effect&quot;:&quot;slide&quot;,&quot;speed&quot;:500}\" data-widget_type=\"image-carousel.default\">\n\t\t\t\t<div class=\"elementor-widget-container\">\n\t\t\t\t\t\t\t<div class=\"elementor-image-carousel-wrapper swiper\" role=\"region\" aria-roledescription=\"carousel\" aria-label=\"Carusel de imagini\" dir=\"ltr\">\n\t\t\t<div class=\"elementor-image-carousel swiper-wrapper swiper-image-stretch\" aria-live=\"off\">\n\t\t\t\t\t\t\t\t<div class=\"swiper-slide\" role=\"group\" aria-roledescription=\"slide\" aria-label=\"1 din 3\"><figure class=\"swiper-slide-inner\"><img class=\"swiper-slide-image swiper-lazy\" data-src=\"https:\/\/schwarzbistro.ro\/wp-content\/uploads\/2024\/10\/IMG_9773-1024x768.jpg\" alt=\"Fog\u00e1s neve j\u00f6het ide \u00edzel\u00edt\u0151nek\" \/><div class=\"swiper-lazy-preloader\"><\/div><\/figure><\/div><div class=\"swiper-slide\" role=\"group\" aria-roledescription=\"slide\" aria-label=\"2 din 3\"><figure class=\"swiper-slide-inner\"><img class=\"swiper-slide-image swiper-lazy\" data-src=\"https:\/\/schwarzbistro.ro\/wp-content\/uploads\/2024\/10\/IMG_9752-1024x768.jpg\" alt=\"Fog\u00e1s neve j\u00f6het ide \u00edzel\u00edt\u0151nek\" \/><div class=\"swiper-lazy-preloader\"><\/div><\/figure><\/div><div class=\"swiper-slide\" role=\"group\" aria-roledescription=\"slide\" aria-label=\"3 din 3\"><figure class=\"swiper-slide-inner\"><img class=\"swiper-slide-image swiper-lazy\" data-src=\"https:\/\/schwarzbistro.ro\/wp-content\/uploads\/2024\/10\/IMG_9582-1024x768.jpg\" alt=\"Fog\u00e1s neve j\u00f6het ide \u00edzel\u00edt\u0151nek\" \/><div class=\"swiper-lazy-preloader\"><\/div><\/figure><\/div>\t\t\t<\/div>\n\t\t\t\t\t\t\t\t\t\t\t\t<div class=\"elementor-swiper-button elementor-swiper-button-prev\" role=\"button\" tabindex=\"0\">\n\t\t\t\t\t\t<svg aria-hidden=\"true\" class=\"e-font-icon-svg e-eicon-chevron-left\" viewBox=\"0 0 1000 1000\" xmlns=\"http:\/\/www.w3.org\/2000\/svg\"><path d=\"M646 125C629 125 613 133 604 142L308 442C296 454 292 471 292 487 292 504 296 521 308 533L604 854C617 867 629 875 646 875 663 875 679 871 692 858 704 846 713 829 713 812 713 796 708 779 692 767L438 487 692 225C700 217 708 204 708 187 708 171 704 154 692 142 675 129 663 125 646 125Z\"><\/path><\/svg>\t\t\t\t\t<\/div>\n\t\t\t\t\t<div class=\"elementor-swiper-button elementor-swiper-button-next\" role=\"button\" tabindex=\"0\">\n\t\t\t\t\t\t<svg aria-hidden=\"true\" class=\"e-font-icon-svg e-eicon-chevron-right\" viewBox=\"0 0 1000 1000\" xmlns=\"http:\/\/www.w3.org\/2000\/svg\"><path d=\"M696 533C708 521 713 504 713 487 713 471 708 454 696 446L400 146C388 133 375 125 354 125 338 125 325 129 313 142 300 154 292 171 292 187 292 204 296 221 308 233L563 492 304 771C292 783 288 800 288 817 288 833 296 850 308 863 321 871 338 875 354 875 371 875 388 867 400 854L696 533Z\"><\/path><\/svg>\t\t\t\t\t<\/div>\n\t\t\t\t\n\t\t\t\t\t\t\t\t\t<\/div>\n\t\t\t\t\t\t<\/div>\n\t\t\t\t<\/div>\n\t\t\t\t<div class=\"elementor-element elementor-element-3a62bf0 elementor-widget__width-initial elementor-widget-mobile__width-inherit elementor-widget elementor-widget-text-editor\" data-id=\"3a62bf0\" data-element_type=\"widget\" data-e-type=\"widget\" data-widget_type=\"text-editor.default\">\n\t\t\t\t<div class=\"elementor-widget-container\">\n\t\t\t\t\t\t\t\t\t<p>Suntem deschi\u0219i \u00een fiecare mar\u021bi de la 17:00 la 22:00 \u0219i de miercuri p\u00e2n\u0103 s\u00e2mb\u0103t\u0103 de la 13:00 la 22:00. Buc\u0103t\u0103ria se \u00eenchide la ora 21:00 \u00een fiecare sear\u0103.<br \/>\nInten\u021bion\u0103m s\u0103 organiz\u0103m ocazional brunch-uri duminica \u00eentre orele 9:00 \u0219i 13:00. Datele vor fi publicate pe site-ul nostru \u0219i pe re\u021belele noastre de socializare.<\/p>\n<p>Chiar dac\u0103 v\u0103 vom a\u0219eza f\u0103r\u0103 rezervare prealabil\u0103, \u00een cazul \u00een care exist\u0103 o mas\u0103 disponibil\u0103, v\u0103 recomand\u0103m insistent s\u0103 face\u021bi o rezervare \u00een avans, dac\u0103 dori\u021bi s\u0103 v\u0103 asigura\u021bi c\u0103 ve\u021bi g\u0103si un loc. Rezerv\u0103rile se pot face prin e-mail la adresa foglalas@schwarzbistro.ro, prin telefon la num\u0103rul +40 731 639363 sau prin intermediul site-ului nostru.<\/p>\n<p>Ocazional, ne abatem de la orele noastre de deschidere atunci c\u00e2nd avem s\u0103rb\u0103tori, zile de cur\u0103\u021benie sau alte motive &#8211; dar \u00eencerc\u0103m s\u0103 comunic\u0103m acest lucru cu mult timp \u00eenainte. V\u0103 rug\u0103m s\u0103 verifica\u021bi \u00een avans prin e-mail, telefon sau pe contul nostru de facebook,<\/p>\n\t\t\t\t\t\t\t\t<\/div>\n\t\t\t\t<\/div>\n\t\t\t\t<div class=\"elementor-element elementor-element-3f81198 elementor-widget__width-initial elementor-widget elementor-widget-text-editor\" data-id=\"3f81198\" data-element_type=\"widget\" data-e-type=\"widget\" data-widget_type=\"text-editor.default\">\n\t\t\t\t<div class=\"elementor-widget-container\">\n\t\t\t\t\t\t\t\t\t<p><strong>V\u0103 a\u0219tept\u0103m cu drag!<\/strong><br \/>\nNu uita\u021bi: nu exist\u0103 cin\u0103 f\u0103r\u0103 rezervare, a\u0219a c\u0103 da\u021bi click:<\/p>\n\t\t\t\t\t\t\t\t<\/div>\n\t\t\t\t<\/div>\n\t\t\t\t<div class=\"elementor-element elementor-element-16ff56d elementor-widget elementor-widget-button\" data-id=\"16ff56d\" data-element_type=\"widget\" data-e-type=\"widget\" data-widget_type=\"button.default\">\n\t\t\t\t<div class=\"elementor-widget-container\">\n\t\t\t\t\t\t\t\t\t<div class=\"elementor-button-wrapper\">\n\t\t\t\t\t<a class=\"elementor-button elementor-button-link elementor-size-sm\" href=\"#\">\n\t\t\t\t\t\t<span class=\"elementor-button-content-wrapper\">\n\t\t\t\t\t\t\t\t\t<span class=\"elementor-button-text\">Rezerva\u021bi o mas\u0103<\/span>\n\t\t\t\t\t<\/span>\n\t\t\t\t\t<\/a>\n\t\t\t\t<\/div>\n\t\t\t\t\t\t\t\t<\/div>\n\t\t\t\t<\/div>\n\t\t\t\t<div class=\"elementor-element elementor-element-45e1aff elementor-widget-divider--view-line elementor-widget elementor-widget-divider\" data-id=\"45e1aff\" data-element_type=\"widget\" data-e-type=\"widget\" data-widget_type=\"divider.default\">\n\t\t\t\t<div class=\"elementor-widget-container\">\n\t\t\t\t\t\t\t<div class=\"elementor-divider\">\n\t\t\t<span class=\"elementor-divider-separator\">\n\t\t\t\t\t\t<\/span>\n\t\t<\/div>\n\t\t\t\t\t\t<\/div>\n\t\t\t\t<\/div>\n\t\t\t\t<div class=\"elementor-element elementor-element-4d8db2c elementor-widget__width-initial elementor-widget elementor-widget-text-editor\" data-id=\"4d8db2c\" data-element_type=\"widget\" data-e-type=\"widget\" data-widget_type=\"text-editor.default\">\n\t\t\t\t<div class=\"elementor-widget-container\">\n\t\t\t\t\t\t\t\t\t<p><strong>Proprietar(i):<\/strong><br \/>\nP\u00e9ter Szabolcs, P\u00e9ter Orsolya, Vass R\u00f3bert, \u00c1goston Tam\u00e1s<\/p>\n<p><strong>Chef:<\/strong><br \/>\nVass R\u00f3bert<\/p>\n\t\t\t\t\t\t\t\t<\/div>\n\t\t\t\t<\/div>\n\t\t\t\t\t<\/div>\n\t\t\t\t<\/div>\n\t\t\t\t\t<\/div>\n\t\t\t\t<\/div>\n\t\t<div class=\"elementor-element elementor-element-0fab6f9 e-con-full e-flex e-con e-parent\" data-id=\"0fab6f9\" data-element_type=\"container\" data-e-type=\"container\">\n\t\t\t\t<div class=\"elementor-element elementor-element-7b18c8e elementor-widget__width-inherit elementor-widget elementor-widget-image\" data-id=\"7b18c8e\" data-element_type=\"widget\" data-e-type=\"widget\" data-widget_type=\"image.default\">\n\t\t\t\t<div class=\"elementor-widget-container\">\n\t\t\t\t\t\t\t\t\t\t\t\t\t\t\t<img fetchpriority=\"high\" decoding=\"async\" width=\"2048\" height=\"1365\" src=\"https:\/\/schwarzbistro.ro\/wp-content\/uploads\/2024\/12\/DSC_0389-2-2048x1365.jpg\" class=\"attachment-2048x2048 size-2048x2048 wp-image-768\" alt=\"\" srcset=\"https:\/\/schwarzbistro.ro\/wp-content\/uploads\/2024\/12\/DSC_0389-2-2048x1365.jpg 2048w, https:\/\/schwarzbistro.ro\/wp-content\/uploads\/2024\/12\/DSC_0389-2-300x200.jpg 300w, https:\/\/schwarzbistro.ro\/wp-content\/uploads\/2024\/12\/DSC_0389-2-1024x683.jpg 1024w, https:\/\/schwarzbistro.ro\/wp-content\/uploads\/2024\/12\/DSC_0389-2-768x512.jpg 768w, https:\/\/schwarzbistro.ro\/wp-content\/uploads\/2024\/12\/DSC_0389-2-1536x1024.jpg 1536w\" sizes=\"(max-width: 2048px) 100vw, 2048px\" \/>\t\t\t\t\t\t\t\t\t\t\t\t\t\t\t<\/div>\n\t\t\t\t<\/div>\n\t\t\t\t<\/div>\n\t\t\t\t<\/div>\n\t\t","protected":false},"excerpt":{"rendered":"<p>INTRODUCERE CINE \u0218I DE CE? Re\u00eennoire constant\u0103, buc\u0103t\u0103rie fusion de mar\u021bi p\u00e2n\u0103 s\u00e2mb\u0103t\u0103. Dac\u0103 nu v\u0103 este team\u0103 s\u0103 \u00eencerca\u021bi ceva diferit, face\u021bi-ne o vizit\u0103. Restaurantul nostru este rezultatul pasiunii noastre pentru ingredientele locale, ospitalitatea la scar\u0103 mic\u0103, re\u00eennoirea \u0219i \u00eencrederea \u00een gastronomia \u00een continu\u0103 evolu\u021bie a Transilvaniei. Acesta a fost creat de buc\u0103tarul \u0219ef [&hellip;]<\/p>\n","protected":false},"author":1,"featured_media":0,"parent":0,"menu_order":5,"comment_status":"closed","ping_status":"closed","template":"elementor_header_footer","meta":{"_acf_changed":false,"footnotes":""},"class_list":["post-621","page","type-page","status-publish","hentry"],"acf":[],"_links":{"self":[{"href":"https:\/\/schwarzbistro.ro\/ro\/wp-json\/wp\/v2\/pages\/621","targetHints":{"allow":["GET"]}}],"collection":[{"href":"https:\/\/schwarzbistro.ro\/ro\/wp-json\/wp\/v2\/pages"}],"about":[{"href":"https:\/\/schwarzbistro.ro\/ro\/wp-json\/wp\/v2\/types\/page"}],"author":[{"embeddable":true,"href":"https:\/\/schwarzbistro.ro\/ro\/wp-json\/wp\/v2\/users\/1"}],"replies":[{"embeddable":true,"href":"https:\/\/schwarzbistro.ro\/ro\/wp-json\/wp\/v2\/comments?post=621"}],"version-history":[{"count":2,"href":"https:\/\/schwarzbistro.ro\/ro\/wp-json\/wp\/v2\/pages\/621\/revisions"}],"predecessor-version":[{"id":776,"href":"https:\/\/schwarzbistro.ro\/ro\/wp-json\/wp\/v2\/pages\/621\/revisions\/776"}],"wp:attachment":[{"href":"https:\/\/schwarzbistro.ro\/ro\/wp-json\/wp\/v2\/media?parent=621"}],"curies":[{"name":"wp","href":"https:\/\/api.w.org\/{rel}","templated":true}]}}