{"id":574,"date":"2024-09-13T14:40:14","date_gmt":"2024-09-13T12:40:14","guid":{"rendered":"https:\/\/schwarzbistro.ro\/adatkezelesi-tajekoztato\/"},"modified":"2024-11-20T12:03:53","modified_gmt":"2024-11-20T11:03:53","slug":"adatkezelesi-tajekoztato","status":"publish","type":"page","link":"https:\/\/schwarzbistro.ro\/ro\/adatkezelesi-tajekoztato\/","title":{"rendered":"Gestionarea modulelor cookie"},"content":{"rendered":"\n<p>Site-ul Schwarz Bistro utilizeaz\u0103 module cookie pentru a opera site-ul, pentru a-l face mai u\u0219or de utilizat, pentru a urm\u0103ri activitatea site-ului \u0219i pentru a afi\u0219a oferte relevante.<\/p>\n\n\n\n<p>V\u0103 rug\u0103m s\u0103 citi\u021bi cu aten\u021bie acest document \u0219i s\u0103 utiliza\u021bi serviciile site-ului numai dac\u0103 sunte\u021bi de acord cu toate punctele acestuia \u0219i le accepta\u021bi ca fiind obligatorii pentru dumneavoastr\u0103 (denumit \u00een continuare &#8222;utilizator&#8221;). V\u0103 rug\u0103m s\u0103 re\u021bine\u021bi c\u0103 aceast\u0103 politic\u0103 se aplic\u0103 numai utiliz\u0103rii modulelor cookie pe acest site web.&nbsp;<\/p>\n\n\n\n<h2 class=\"wp-block-heading\"><strong>Ce este o pr\u0103jitur\u0103?<\/strong><\/h2>\n\n\n\n<p>Un cookie este un mic pachet de date pe care serviciile de internet \u00eel stocheaz\u0103 \u00een browserul dumneavoastr\u0103. Este o tehnologie esen\u021bial\u0103 pentru un serviciu online eficient \u0219i modern, care este sus\u021binut\u0103 de toate browserele actuale.<\/p>\n\n\n\n<h2 class=\"wp-block-heading\"><strong>Cum este creat un cookie?<\/strong><\/h2>\n\n\n\n<p>Mai \u00eent\u00e2i, computerul client trimite o cerere c\u0103tre server. Serverul genereaz\u0103 apoi un identificator unic \u0219i \u00eel stocheaz\u0103 \u00een propria sa baz\u0103 de date, apoi trimite cookie-ul \u00eenapoi clientului cu toate informa\u021biile. Cookie-ul cu informa\u021biile returnate este stocat pe computerul clientului.<\/p>\n\n\n\n<h2 class=\"wp-block-heading\"><strong>Cum este util Cookie-ul?<\/strong><\/h2>\n\n\n\n<p>Atunci c\u00e2nd clientul contacteaz\u0103 din nou serverul, acesta a asociat deja cookie-ul care a fost creat \u0219i stocat anterior. Serverul compar\u0103 con\u021binutul cookie-ului pe care l-a primit \u0219i al cookie-ului pe care l-a stocat. Acest lucru faciliteaz\u0103 identificarea, de exemplu, a utilizatorului \u00eenregistrat conectat. F\u0103r\u0103 aceasta, de exemplu, nu ar fi posibil\u0103 conectarea la un site web.<\/p>\n\n\n\n<h2 class=\"wp-block-heading\"><strong>Ce module cookie utilizeaz\u0103 site-ul \u0219i de ce?<\/strong><\/h2>\n\n\n\n<p>Site-ul utilizeaz\u0103 module cookie \u00een urm\u0103toarele scopuri<\/p>\n\n\n\n<ul class=\"wp-block-list\">\n<li>dezvoltarea site-ului nostru web,<\/li>\n\n\n\n<li>s\u0103 v\u0103 facilit\u0103m navigarea pe site-ul nostru \u0219i utilizarea func\u021biilor site-ului pentru a asigura o experien\u021b\u0103 de utilizare f\u0103r\u0103 \u00eentreruperi,<\/li>\n\n\n\n<li>Colectarea de informa\u021bii despre modul \u00een care utiliza\u021bi site-ul nostru &#8211; prin m\u0103surarea p\u0103r\u021bilor site-ului nostru pe care le vizita\u021bi sau le utiliza\u021bi cel mai mult, putem afla cum s\u0103 v\u0103 oferim o experien\u021b\u0103 \u0219i mai bun\u0103 atunci c\u00e2nd vizita\u021bi site-ul nostru din nou,<\/li>\n\n\n\n<li>s\u0103 afl\u0103m cum v\u0103 putem \u00eembun\u0103t\u0103\u021bi experien\u021ba atunci c\u00e2nd vizita\u021bi site-ul nostru din nou,<\/li>\n\n\n\n<li>plasarea de anun\u021buri \u021bintite pe alte site-uri web,<\/li>\n\n\n\n<li>distingerea \u0219i identificarea utilizatorilor browserului,<\/li>\n\n\n\n<li>pentru a urm\u0103ri activitatea pe site, astfel \u00eenc\u00e2t s\u0103 v\u0103 putem trimite oferte mai relevante care prezint\u0103 un interes sau o relevan\u021b\u0103 deosebit\u0103 pentru dumneavoastr\u0103<strong>.<\/strong><strong> Tipuri de module cookie<\/strong><\/li>\n<\/ul>\n\n\n\n<h2 class=\"wp-block-heading\"><strong>Module cookie pentru func\u021bionalitatea de baz\u0103<\/strong><\/h2>\n\n\n\n<p>Aceste module cookie asigur\u0103 buna func\u021bionare a site-ului, faciliteaz\u0103 utilizarea acestuia \u0219i colecteaz\u0103 informa\u021bii despre utilizarea sa f\u0103r\u0103 a identifica vizitatorii no\u0219tri.<\/p>\n\n\n\n<p>Aceasta include, de exemplu, stocarea valorilor de utilizare a calculatorului, starea accept\u0103rii gestion\u0103rii modulelor cookie, memorarea metodelor \u0219i datelor de conectare, starea mesajelor de notificare a site-ului web \u0219i func\u021bionalitatea redus\u0103 a codului Google Analytics.<\/p>\n\n\n\n<p>V\u0103 rug\u0103m s\u0103 re\u021bine\u021bi c\u0103 f\u0103r\u0103 aceste module cookie nu v\u0103 putem garanta o utilizare confortabil\u0103 a site-ului nostru web.<\/p>\n\n\n\n<h2 class=\"wp-block-heading\">Cookie-uri \u00een scopuri statistice<\/h2>\n\n\n\n<p>Pentru a \u00eembun\u0103t\u0103\u021bi site-ul nostru web \u0219i experien\u021ba utilizatorului, utiliz\u0103m, de asemenea, module cookie care ne permit s\u0103 colect\u0103m informa\u021bii despre modul \u00een care vizitatorii no\u0219tri utilizeaz\u0103 site-ul nostru web. Aceste module cookie nu v\u0103 identific\u0103 personal, dar colecteaz\u0103 informa\u021bii precum paginile pe care le-au vizitat vizitatorii no\u0219tri, pe ce p\u0103r\u021bi ale site-ului web au f\u0103cut clic, c\u00e2te pagini au vizitat, durata de timp petrecut\u0103 \u00een fiecare sesiune \u0219i orice mesaje de eroare.<\/p>\n\n\n\n<h2 class=\"wp-block-heading\"><\/h2>\n\n\n\n<h2 class=\"wp-block-heading\"><strong>Module cookie de performan\u021b\u0103<\/strong><\/h2>\n\n\n\n<p>Astfel de module cookie de performan\u021b\u0103 includ modulele cookie Google Analytics. Pentru mai multe informa\u021bii despre cookie-urile Google Analytics, v\u0103 rug\u0103m s\u0103 face\u021bi clic aici: <a href=\"https:\/\/developers.google.com\/analytics\/devguides\/collection\/analyticsjs\/cookie-usage\">https:\/\/developers.google.com\/analytics\/devguides\/collection\/analyticsjs\/cookie-usage<\/a><\/p>\n\n\n\n<p>Cookie-urile de performan\u021b\u0103 sunt, de asemenea, cookie-uri Google Optimize. Pute\u021bi afla mai multe despre cookie-urile Google Optimize aici:<\/p>\n\n\n\n<figure class=\"wp-block-embed\"><div class=\"wp-block-embed__wrapper\">\nhttps:\/\/developers.google.com\/analytics\/devguides\/collection\/analyticsjs\/cookie-usage.\n<\/div><\/figure>\n\n\n\n<h2 class=\"wp-block-heading\"><strong>Cookie-uri de targetare \u0219i publicitate<\/strong><\/h2>\n\n\n\n<p>Scopul acestor module cookie este de a face site-urile web mai relevante sau mai interesante pentru dumneavoastr\u0103. Aceste module cookie nu v\u0103 pot identifica personal f\u0103r\u0103 consim\u021b\u0103m\u00e2ntul dumneavoastr\u0103, ci colecteaz\u0103 informa\u021bii precum paginile pe care le-a vizitat vizitatorul, pe ce parte a site-ului a f\u0103cut clic utilizatorul, c\u00e2te pagini a vizitat vizitatorul, toate pentru a afla despre con\u021binutul care v\u0103 intereseaz\u0103.<\/p>\n\n\n\n<p>Cu toate acestea, dac\u0103 a\u021bi consim\u021bit, putem utiliza informa\u021biile colectate atunci c\u00e2nd urm\u0103rim utilizarea de c\u0103tre dvs. a site-ului \u00eempreun\u0103 cu datele dvs. personale pentru a adapta comunic\u0103rile noastre de marketing la nevoile dvs. \u0219i pentru a v\u0103 oferi oferte mai personalizate.<\/p>\n\n\n\n<h2 class=\"wp-block-heading\"><strong>Utiliz\u0103m pe site-ul nostru cookie-uri publicitare de la urm\u0103torii furnizori de servicii:<\/strong><\/h2>\n\n\n\n<p><strong>Google Adwords<\/strong><\/p>\n\n\n\n<p>Informa\u021bii detaliate privind serviciul sunt disponibile la urm\u0103torul link: https:\/\/www.google.com\/intl\/hu\/policies\/privacy<\/p>\n\n\n\n<p><strong>Facebook<\/strong><\/p>\n\n\n\n<p>Informa\u021bii detaliate privind serviciul sunt disponibile la urm\u0103torul link: https:\/\/www.facebook.com\/help\/cookies\/<\/p>\n\n\n\n<p><strong>Dublu clic<\/strong><\/p>\n\n\n\n<p>Informa\u021bii detaliate privind serviciul sunt disponibile la urm\u0103torul link: https:\/\/www.google.com\/intl\/hu\/policies\/privacy<\/p>\n\n\n\n<p><strong>Instagram<\/strong><\/p>\n\n\n\n<p>Informa\u021bii detaliate privind serviciul sunt disponibile la urm\u0103torul link: <a href=\"https:\/\/help.instagram.com\/402411646841720\">https:\/\/help.instagram.com\/402411646841720<\/a><\/p>\n\n\n\n<h1 class=\"wp-block-heading\"><strong>Cum pute\u021bi verifica \u0219i dezactiva modulele cookie?<\/strong><\/h1>\n\n\n\n<p>Toate browserele moderne v\u0103 permit s\u0103 v\u0103 modifica\u021bi set\u0103rile cookie-urilor. Majoritatea browserelor accept\u0103 automat modulele cookie \u00een mod implicit, dar aceste set\u0103ri pot fi de obicei modificate astfel \u00eenc\u00e2t browserul s\u0103 poat\u0103 preveni acceptarea automat\u0103 \u0219i s\u0103 v\u0103 ofere posibilitatea de a alege dac\u0103 s\u0103 accepta\u021bi modulele cookie de fiecare dat\u0103.<\/p>\n\n\n\n<p>V\u0103 rug\u0103m s\u0103 re\u021bine\u021bi c\u0103, deoarece modulele cookie sunt destinate s\u0103 faciliteze sau s\u0103 permit\u0103 utilizarea \u0219i procesele site-ului nostru web, dac\u0103 \u00eempiedica\u021bi sau \u0219terge\u021bi modulele cookie, este posibil s\u0103 nu pute\u021bi utiliza \u00eentreaga func\u021bionalitate a site-ului nostru web sau este posibil ca site-ul web s\u0103 nu func\u021bioneze a\u0219a cum este prev\u0103zut \u00een browserul dumneavoastr\u0103.<\/p>\n\n\n\n<p><strong>Pute\u021bi afla mai multe despre set\u0103rile cookie pentru cele mai populare browsere urm\u00e2nd linkurile de mai jos:<\/strong><\/p>\n\n\n\n<ul class=\"wp-block-list\">\n<li><a href=\"https:\/\/support.google.com\/accounts\/answer\/61416?hl=hu\">Google Chrome<\/a><\/li>\n\n\n\n<li><a href=\"https:\/\/support.mozilla.org\/hu\/kb\/sutik-informacio-amelyet-weboldalak-tarolnak-szami\">Firefox<\/a><\/li>\n\n\n\n<li><a href=\"https:\/\/support.microsoft.com\/hu-hu\/help\/17442\/windows-internet-explorer-delete-manage-cookies#ie=ie-11\">Microsoft Internet Explorer<\/a><\/li>\n\n\n\n<li><a href=\"https:\/\/privacy.microsoft.com\/hu-hu\/windows-10-microsoft-edge-and-privacy\">Microsoft Edge<\/a><\/li>\n\n\n\n<li><a href=\"https:\/\/support.apple.com\/hu-hu\/guide\/safari\/manage-cookies-and-website-data-sfri11471\/mac\">Safari<\/a><\/li>\n<\/ul>\n\n\n\n<p><\/p>\n","protected":false},"excerpt":{"rendered":"<p>Site-ul Schwarz Bistro utilizeaz\u0103 module cookie pentru a opera site-ul, pentru a-l face mai u\u0219or de utilizat, pentru a urm\u0103ri activitatea site-ului \u0219i pentru a afi\u0219a oferte relevante. V\u0103 rug\u0103m s\u0103 citi\u021bi cu aten\u021bie acest document \u0219i s\u0103 utiliza\u021bi serviciile site-ului numai dac\u0103 sunte\u021bi de acord cu toate punctele acestuia \u0219i le accepta\u021bi ca fiind [&hellip;]<\/p>\n","protected":false},"author":1,"featured_media":0,"parent":0,"menu_order":8,"comment_status":"closed","ping_status":"closed","template":"","meta":{"_acf_changed":false,"footnotes":""},"class_list":["post-574","page","type-page","status-publish","hentry"],"acf":[],"_links":{"self":[{"href":"https:\/\/schwarzbistro.ro\/ro\/wp-json\/wp\/v2\/pages\/574","targetHints":{"allow":["GET"]}}],"collection":[{"href":"https:\/\/schwarzbistro.ro\/ro\/wp-json\/wp\/v2\/pages"}],"about":[{"href":"https:\/\/schwarzbistro.ro\/ro\/wp-json\/wp\/v2\/types\/page"}],"author":[{"embeddable":true,"href":"https:\/\/schwarzbistro.ro\/ro\/wp-json\/wp\/v2\/users\/1"}],"replies":[{"embeddable":true,"href":"https:\/\/schwarzbistro.ro\/ro\/wp-json\/wp\/v2\/comments?post=574"}],"version-history":[{"count":2,"href":"https:\/\/schwarzbistro.ro\/ro\/wp-json\/wp\/v2\/pages\/574\/revisions"}],"predecessor-version":[{"id":576,"href":"https:\/\/schwarzbistro.ro\/ro\/wp-json\/wp\/v2\/pages\/574\/revisions\/576"}],"wp:attachment":[{"href":"https:\/\/schwarzbistro.ro\/ro\/wp-json\/wp\/v2\/media?parent=574"}],"curies":[{"name":"wp","href":"https:\/\/api.w.org\/{rel}","templated":true}]}}