{"id":850,"date":"2024-10-25T14:21:09","date_gmt":"2024-10-25T12:21:09","guid":{"rendered":"https:\/\/schwarzbistro.ro\/food-and-drinks-menu\/"},"modified":"2025-01-09T15:08:06","modified_gmt":"2025-01-09T14:08:06","slug":"food-and-drinks-menu","status":"publish","type":"page","link":"https:\/\/schwarzbistro.ro\/en\/food-and-drinks-menu\/","title":{"rendered":"Food and drinks men\u00fc"},"content":{"rendered":"\t\t<div data-elementor-type=\"wp-page\" data-elementor-id=\"850\" class=\"elementor elementor-850 elementor-537\" data-elementor-post-type=\"page\">\n\t\t\t\t<div class=\"elementor-element elementor-element-7810ffb9 e-flex e-con-boxed e-con e-parent\" data-id=\"7810ffb9\" data-element_type=\"container\" data-e-type=\"container\" data-settings=\"{&quot;background_background&quot;:&quot;slideshow&quot;,&quot;background_slideshow_gallery&quot;:[{&quot;id&quot;:728,&quot;url&quot;:&quot;https:\\\/\\\/schwarzbistro.ro\\\/wp-content\\\/uploads\\\/2024\\\/12\\\/IMG_3552-scaled.jpg&quot;},{&quot;id&quot;:731,&quot;url&quot;:&quot;https:\\\/\\\/schwarzbistro.ro\\\/wp-content\\\/uploads\\\/2024\\\/12\\\/IMG_1616-1-scaled.jpg&quot;},{&quot;id&quot;:467,&quot;url&quot;:&quot;https:\\\/\\\/schwarzbistro.ro\\\/wp-content\\\/uploads\\\/2024\\\/10\\\/1619676893.jpg&quot;},{&quot;id&quot;:652,&quot;url&quot;:&quot;https:\\\/\\\/schwarzbistro.ro\\\/wp-content\\\/uploads\\\/2024\\\/12\\\/DSC_0373-scaled.jpg&quot;}],&quot;background_slideshow_loop&quot;:&quot;yes&quot;,&quot;background_slideshow_slide_duration&quot;:5000,&quot;background_slideshow_slide_transition&quot;:&quot;fade&quot;,&quot;background_slideshow_transition_duration&quot;:500}\">\n\t\t\t\t\t<div class=\"e-con-inner\">\n\t\t<div class=\"elementor-element elementor-element-1772246a e-con-full e-flex e-con e-child\" data-id=\"1772246a\" data-element_type=\"container\" data-e-type=\"container\">\n\t\t\t\t<div class=\"elementor-element elementor-element-35af05b3 elementor-invisible elementor-widget elementor-widget-theme-site-logo elementor-widget-image\" data-id=\"35af05b3\" data-element_type=\"widget\" data-e-type=\"widget\" data-settings=\"{&quot;_animation&quot;:&quot;fadeIn&quot;}\" data-widget_type=\"theme-site-logo.default\">\n\t\t\t\t<div class=\"elementor-widget-container\">\n\t\t\t\t\t\t\t\t\t\t\t<a href=\"https:\/\/schwarzbistro.ro\/en\/\">\n\t\t\t<img decoding=\"async\" width=\"158\" height=\"136\" src=\"https:\/\/schwarzbistro.ro\/wp-content\/uploads\/2024\/10\/schwarz-bistro-logo-white.svg\" class=\"attachment-full size-full wp-image-53\" alt=\"Schwarz Bistro\" \/>\t\t\t\t<\/a>\n\t\t\t\t\t\t\t\t\t\t\t<\/div>\n\t\t\t\t<\/div>\n\t\t\t\t<div class=\"elementor-element elementor-element-7dab586f elementor-invisible elementor-widget elementor-widget-heading\" data-id=\"7dab586f\" data-element_type=\"widget\" data-e-type=\"widget\" data-settings=\"{&quot;_animation&quot;:&quot;fadeInUp&quot;}\" data-widget_type=\"heading.default\">\n\t\t\t\t<div class=\"elementor-widget-container\">\n\t\t\t\t\t<h1 class=\"elementor-heading-title elementor-size-default\">Food and drinks men\u00fc<\/h1>\t\t\t\t<\/div>\n\t\t\t\t<\/div>\n\t\t<div class=\"elementor-element elementor-element-6c2fe506 e-grid e-con-full e-con e-child\" data-id=\"6c2fe506\" data-element_type=\"container\" data-e-type=\"container\">\n\t\t\t\t<div class=\"elementor-element elementor-element-38d29317 elementor-align-justify elementor-widget-mobile__width-inherit elementor-invisible elementor-widget elementor-widget-button\" data-id=\"38d29317\" data-element_type=\"widget\" data-e-type=\"widget\" data-settings=\"{&quot;_animation&quot;:&quot;fadeInUp&quot;,&quot;_animation_delay&quot;:250}\" data-widget_type=\"button.default\">\n\t\t\t\t<div class=\"elementor-widget-container\">\n\t\t\t\t\t\t\t\t\t<div class=\"elementor-button-wrapper\">\n\t\t\t\t\t<a class=\"elementor-button elementor-button-link elementor-size-sm\" href=\"#menu\">\n\t\t\t\t\t\t<span class=\"elementor-button-content-wrapper\">\n\t\t\t\t\t\t\t\t\t<span class=\"elementor-button-text\">WEEKLY MENU<\/span>\n\t\t\t\t\t<\/span>\n\t\t\t\t\t<\/a>\n\t\t\t\t<\/div>\n\t\t\t\t\t\t\t\t<\/div>\n\t\t\t\t<\/div>\n\t\t\t\t<div class=\"elementor-element elementor-element-3d015e22 elementor-align-justify elementor-widget-mobile__width-inherit elementor-invisible elementor-widget elementor-widget-button\" data-id=\"3d015e22\" data-element_type=\"widget\" data-e-type=\"widget\" data-settings=\"{&quot;_animation&quot;:&quot;fadeInUp&quot;,&quot;_animation_delay&quot;:250}\" data-widget_type=\"button.default\">\n\t\t\t\t<div class=\"elementor-widget-container\">\n\t\t\t\t\t\t\t\t\t<div class=\"elementor-button-wrapper\">\n\t\t\t\t\t<a class=\"elementor-button elementor-button-link elementor-size-sm\" href=\"#beverages\">\n\t\t\t\t\t\t<span class=\"elementor-button-content-wrapper\">\n\t\t\t\t\t\t\t\t\t<span class=\"elementor-button-text\">DRINKS<\/span>\n\t\t\t\t\t<\/span>\n\t\t\t\t\t<\/a>\n\t\t\t\t<\/div>\n\t\t\t\t\t\t\t\t<\/div>\n\t\t\t\t<\/div>\n\t\t\t\t<div class=\"elementor-element elementor-element-20a6e73e elementor-align-justify elementor-widget-mobile__width-inherit elementor-invisible elementor-widget elementor-widget-button\" data-id=\"20a6e73e\" data-element_type=\"widget\" data-e-type=\"widget\" data-settings=\"{&quot;_animation&quot;:&quot;fadeInUp&quot;,&quot;_animation_delay&quot;:250}\" data-widget_type=\"button.default\">\n\t\t\t\t<div class=\"elementor-widget-container\">\n\t\t\t\t\t\t\t\t\t<div class=\"elementor-button-wrapper\">\n\t\t\t\t\t<a class=\"elementor-button elementor-button-link elementor-size-sm\" href=\"#wines\">\n\t\t\t\t\t\t<span class=\"elementor-button-content-wrapper\">\n\t\t\t\t\t\t\t\t\t<span class=\"elementor-button-text\">WINES<\/span>\n\t\t\t\t\t<\/span>\n\t\t\t\t\t<\/a>\n\t\t\t\t<\/div>\n\t\t\t\t\t\t\t\t<\/div>\n\t\t\t\t<\/div>\n\t\t\t\t<\/div>\n\t\t\t\t<\/div>\n\t\t\t\t\t<\/div>\n\t\t\t\t<\/div>\n\t\t<div class=\"elementor-element elementor-element-602ce2dc etlap e-flex e-con-boxed e-con e-parent\" data-id=\"602ce2dc\" data-element_type=\"container\" data-e-type=\"container\">\n\t\t\t\t\t<div class=\"e-con-inner\">\n\t\t<div class=\"elementor-element elementor-element-2bfa0f97 e-con-full e-flex elementor-invisible e-con e-child\" data-id=\"2bfa0f97\" data-element_type=\"container\" data-e-type=\"container\" id=\"menu\" data-settings=\"{&quot;background_background&quot;:&quot;classic&quot;,&quot;animation&quot;:&quot;fadeInUp&quot;,&quot;animation_delay&quot;:100}\">\n\t\t\t\t<div class=\"elementor-element elementor-element-21f7d4e elementor-widget elementor-widget-posts\" data-id=\"21f7d4e\" data-element_type=\"widget\" data-e-type=\"widget\" data-settings=\"{&quot;full_content_row_gap&quot;:{&quot;unit&quot;:&quot;px&quot;,&quot;size&quot;:0,&quot;sizes&quot;:[]}}\" data-widget_type=\"posts.full_content\">\n\t\t\t\t<div class=\"elementor-widget-container\">\n\t\t\t\t\t\t\t<div class=\"elementor-posts-container elementor-posts elementor-posts--skin-full_content elementor-grid\" role=\"list\">\n\t\t\t\t<article class=\"elementor-post elementor-grid-item post-1565 menu-card type-menu-card status-publish hentry\" role=\"listitem\">\n\t\t\t\t<div class=\"elementor-post__text\">\n\t\t\n<h2 class=\"wp-block-heading has-text-align-center\">Eb\u00e9d-vacsora \u00e9tlap<\/h2>\n\n\n\n<p class=\"has-text-align-center has-small-font-size\">\u00c9rv\u00e9nyes: 2025.04.07.- 04.11.<br>Csak visszaigazolt foglal\u00e1ssal<\/p>\n\n\n\n<hr class=\"wp-block-separator has-alpha-channel-opacity\"\/>\n\n\n<h3 class=\"elementor-heading-title elementor-size-default\">\r\n    Levesek, el\u0151\u00e9telek, sal\u00e1t\u00e1k:<\/h3>\r\n\n\n<div class=\"menu-item\">\r\n    <div class=\"menu-item-details\">\r\n        <p><b>\r\n            Citrusos kacsah\u00fasleves, z\u00f6lds\u00e9gek, rizst\u00e9szta<\/b>\r\n        <br>\r\n            350g \u2013 689kCal (1., 4., 6., 9.)         <\/p>\r\n    <\/div>\r\n    <div class=\"menu-item-price\">\r\n        <p>\r\n            35 RON        <\/p>\r\n    <\/div>\r\n<\/div>\r\n\n\n<div class=\"menu-item\">\r\n    <div class=\"menu-item-details\">\r\n        <p><b>\r\n            Rozmaringos b\u00e1r\u00e1nym\u00e1j, tejsz\u00ednes medvehagyma, toj\u00e1s, kucsmagomba<\/b>\r\n        <br>\r\n            350g \u2013 689kCal (1., 7., 9.)         <\/p>\r\n    <\/div>\r\n    <div class=\"menu-item-price\">\r\n        <p>\r\n            45 RON        <\/p>\r\n    <\/div>\r\n<\/div>\r\n\n\n<div class=\"menu-item\">\r\n    <div class=\"menu-item-details\">\r\n        <p><b>\r\n            Homor\u00f3dremetei sal\u00e1ta, f\u00fcst\u00f6lt pisztr\u00e1ng, remul\u00e1d m\u00e1rt\u00e1s<\/b>\r\n        <br>\r\n            150g \u2013 515kcal \u2013 (1., 3., 4., 7., 8., 10.)        <\/p>\r\n    <\/div>\r\n    <div class=\"menu-item-price\">\r\n        <p>\r\n            45 RON        <\/p>\r\n    <\/div>\r\n<\/div>\r\n\n\n\n<hr class=\"wp-block-separator has-alpha-channel-opacity\"\/>\n\n\n<h3 class=\"elementor-heading-title elementor-size-default\">\r\n    F\u0151\u00e9telek<\/h3>\r\n\n\n<div class=\"menu-item\">\r\n    <div class=\"menu-item-details\">\r\n        <p><b>\r\n            Z\u00f6lds\u00e9gekkel t\u00f6lt\u00f6tt padlizs\u00e1n, k\u00e9ksajtm\u00e1rt\u00e1s, homor\u00f3dremetei sal\u00e1ta, pir\u00edtott magvak<\/b>\r\n        <br>\r\n            400 g \u2013 671kCal (1., 7.)        <\/p>\r\n    <\/div>\r\n    <div class=\"menu-item-price\">\r\n        <p>\r\n            49 RON        <\/p>\r\n    <\/div>\r\n<\/div>\r\n\n\n<div class=\"menu-item\">\r\n    <div class=\"menu-item-details\">\r\n        <p><b>\r\n            Csirk\u00e9s quesadilla, pico de gallo<\/b>\r\n        <br>\r\n            400g \u2013 680kCal ( 1., 7., 9.)        <\/p>\r\n    <\/div>\r\n    <div class=\"menu-item-price\">\r\n        <p>\r\n            59 RON        <\/p>\r\n    <\/div>\r\n<\/div>\r\n\n\n<div class=\"menu-item\">\r\n    <div class=\"menu-item-details\">\r\n        <p><b>\r\n            Tonkatsu, wasabis krumplisal\u00e1ta, szez\u00e1mmagos k\u00e1poszta<\/b>\r\n        <br>\r\n            400g \u2013 1180kCal (1., 3., 6., 7., 11.)        <\/p>\r\n    <\/div>\r\n    <div class=\"menu-item-price\">\r\n        <p>\r\n            75 RON        <\/p>\r\n    <\/div>\r\n<\/div>\r\n\n\n<div class=\"menu-item\">\r\n    <div class=\"menu-item-details\">\r\n        <p><b>\r\n            Lazacsteak, medvehagymam\u00e1rt\u00e1s, padlizs\u00e1ngratin<\/b>\r\n        <br>\r\n            400g \u2013  819kCal (1., 4., 7., 9.)        <\/p>\r\n    <\/div>\r\n    <div class=\"menu-item-price\">\r\n        <p>\r\n            89 RON        <\/p>\r\n    <\/div>\r\n<\/div>\r\n\n\n<div class=\"menu-item\">\r\n    <div class=\"menu-item-details\">\r\n        <p><b>\r\n            Marhab\u00e9lsz\u00ednsteak, t\u00f6lt\u00f6tt krumpli, medvehagym\u00e1s uborkasal\u00e1ta, konyakos kucsmagombam\u00e1rt\u00e1s<\/b>\r\n        <br>\r\n            400g \u2013 980kCal (1., 7.)        <\/p>\r\n    <\/div>\r\n    <div class=\"menu-item-price\">\r\n        <p>\r\n            99 RON        <\/p>\r\n    <\/div>\r\n<\/div>\r\n\n\n\n<hr class=\"wp-block-separator has-alpha-channel-opacity\"\/>\n\n\n<h3 class=\"elementor-heading-title elementor-size-default\">\r\n    Desszertek<\/h3>\r\n\n\n<div class=\"menu-item\">\r\n    <div class=\"menu-item-details\">\r\n        <p><b>\r\n            M\u00e1kos guba 2.0<\/b>\r\n        <br>\r\n            150g \u2013 680kCal ( 1., 3., 7., 8.)        <\/p>\r\n    <\/div>\r\n    <div class=\"menu-item-price\">\r\n        <p>\r\n            35 RON        <\/p>\r\n    <\/div>\r\n<\/div>\r\n\n\n<div class=\"menu-item\">\r\n    <div class=\"menu-item-details\">\r\n        <p><b>\r\n            Sajttorta, gy\u00fcm\u00f6lcs\u00f6k<\/b>\r\n        <br>\r\n            150g \u2013 580kCal (1., 3., 8., 9.)        <\/p>\r\n    <\/div>\r\n    <div class=\"menu-item-price\">\r\n        <p>\r\n            30 RON        <\/p>\r\n    <\/div>\r\n<\/div>\r\n\n\n\n<p class=\"has-small-font-size\"><strong>Allerg\u00e9nek:<\/strong> 1. Glut\u00e9n, 2. R\u00e1kok 3. Toj\u00e1s 4. Hal 5. F\u00f6ldimogyor\u00f3 6. Sz\u00f3ja 7. Tej \u00e9s tejterm\u00e9kek 8. Csonth\u00e9jasok 9. Zeller 10. Must\u00e1r 11. Szez\u00e1mmag 12. Csillagf\u00fcrt 13. Kagyl\u00f3 14. Szulfitok<\/p>\n\n\n\n<p><\/p>\n\t\t<\/div>\n\t\t\t\t<\/article>\n\t\t\t\t<\/div>\n\t\t\n\t\t\t\t\t\t<\/div>\n\t\t\t\t<\/div>\n\t\t\t\t<\/div>\n\t\t<div class=\"elementor-element elementor-element-c212eb2 e-con-full e-flex elementor-invisible e-con e-child\" data-id=\"c212eb2\" data-element_type=\"container\" data-e-type=\"container\" id=\"beverages\" data-settings=\"{&quot;background_background&quot;:&quot;classic&quot;,&quot;animation&quot;:&quot;fadeInUp&quot;,&quot;animation_delay&quot;:100}\">\n\t\t\t\t<div class=\"elementor-element elementor-element-3f1f465 elementor-widget elementor-widget-posts\" data-id=\"3f1f465\" data-element_type=\"widget\" data-e-type=\"widget\" data-settings=\"{&quot;full_content_row_gap&quot;:{&quot;unit&quot;:&quot;px&quot;,&quot;size&quot;:0,&quot;sizes&quot;:[]}}\" data-widget_type=\"posts.full_content\">\n\t\t\t\t<div class=\"elementor-widget-container\">\n\t\t\t\t\t\t\t<div class=\"elementor-posts-container elementor-posts elementor-posts--skin-full_content elementor-grid\" role=\"list\">\n\t\t\t\t<article class=\"elementor-post elementor-grid-item post-857 menu-card type-menu-card status-publish hentry\" role=\"listitem\">\n\t\t\t\t<div class=\"elementor-post__text\">\n\t\t\n<h2 class=\"wp-block-heading has-text-align-center\">Drinks<\/h2>\n\n<hr class=\"wp-block-separator has-alpha-channel-opacity\"\/>\n<h3 class=\"elementor-heading-title elementor-size-default\">\r\n    Lemonades<\/h3>\r\n<div class=\"menu-item\">\r\n    <div class=\"menu-item-details\">\r\n        <p><b>\r\n            T\u00e1rkonyos b\u00e1r\u00e1nyleves, tortellini, tejf\u00f6l<\/b>\r\n        <br>\r\n            350g \u2013 470kCal (1., 3., 7., 9.)        <\/p>\r\n    <\/div>\r\n    <div class=\"menu-item-price\">\r\n        <p>\r\n            30 RON        <\/p>\r\n    <\/div>\r\n<\/div>\r\n\n<hr class=\"wp-block-separator has-alpha-channel-opacity\"\/>\n<h3 class=\"elementor-heading-title elementor-size-default\">\r\n    Homemade syrups<\/h3>\r\n<div class=\"menu-item\">\r\n    <div class=\"menu-item-details\">\r\n        <p><b>\r\n            Marhapofa vadasan, kemenc\u00e9ben s\u00fclt z\u00f6lds\u00e9gek, pir\u00edtott di\u00f3s gnocchi<\/b>\r\n        <br>\r\n            400g \u2013 765kcal \u2013 (6., 7., 9.)        <\/p>\r\n    <\/div>\r\n    <div class=\"menu-item-price\">\r\n        <p>\r\n            79 RON        <\/p>\r\n    <\/div>\r\n<\/div>\r\n\n<hr class=\"wp-block-separator has-alpha-channel-opacity\"\/>\n<h3 class=\"elementor-heading-title elementor-size-default\">\r\n    Soft drinks<\/h3>\r\n<div class=\"menu-item\">\r\n    <div class=\"menu-item-details\">\r\n        <p><b>\r\n            F\u0171szeres s\u00fclt alma, Kossuth-kifli, van\u00edliakr\u00e9m, \u00e1fonya, di\u00f3<\/b>\r\n        <br>\r\n            \u2013 150g \u2013 310kCal (1., 3., 7., 8.)        <\/p>\r\n    <\/div>\r\n    <div class=\"menu-item-price\">\r\n        <p>\r\n            31 RON        <\/p>\r\n    <\/div>\r\n<\/div>\r\n\n<hr class=\"wp-block-separator has-alpha-channel-opacity\"\/>\n<h3 class=\"elementor-heading-title elementor-size-default\">\r\n    Mineral waters<\/h3>\r\n<div class=\"menu-item\">\r\n    <div class=\"menu-item-details\">\r\n        <p><b>\r\n            F\u0171szeres s\u00fclt alma, Kossuth-kifli, van\u00edliakr\u00e9m, \u00e1fonya, di\u00f3<\/b>\r\n        <br>\r\n            \u2013 150g \u2013 310kCal (1., 3., 7., 8.)        <\/p>\r\n    <\/div>\r\n    <div class=\"menu-item-price\">\r\n        <p>\r\n            31 RON        <\/p>\r\n    <\/div>\r\n<\/div>\r\n\n<hr class=\"wp-block-separator has-alpha-channel-opacity\"\/>\n<h3 class=\"elementor-heading-title elementor-size-default\">\r\n    Coffees, hot drinks<\/h3>\r\n<div class=\"menu-item\">\r\n    <div class=\"menu-item-details\">\r\n        <p><b>\r\n            F\u0171szeres s\u00fclt alma, Kossuth-kifli, van\u00edliakr\u00e9m, \u00e1fonya, di\u00f3<\/b>\r\n        <br>\r\n            \u2013 150g \u2013 310kCal (1., 3., 7., 8.)        <\/p>\r\n    <\/div>\r\n    <div class=\"menu-item-price\">\r\n        <p>\r\n            31 RON        <\/p>\r\n    <\/div>\r\n<\/div>\r\n\n<hr class=\"wp-block-separator has-alpha-channel-opacity\"\/>\n<h3 class=\"elementor-heading-title elementor-size-default\">\r\n    Beer<\/h3>\r\n<div class=\"menu-item\">\r\n    <div class=\"menu-item-details\">\r\n        <p><b>\r\n            F\u0171szeres s\u00fclt alma, Kossuth-kifli, van\u00edliakr\u00e9m, \u00e1fonya, di\u00f3<\/b>\r\n        <br>\r\n            \u2013 150g \u2013 310kCal (1., 3., 7., 8.)        <\/p>\r\n    <\/div>\r\n    <div class=\"menu-item-price\">\r\n        <p>\r\n            31 RON        <\/p>\r\n    <\/div>\r\n<\/div>\r\n\n<hr class=\"wp-block-separator has-alpha-channel-opacity\"\/>\n<h3 class=\"elementor-heading-title elementor-size-default\">\r\n    Short drinks<\/h3>\r\n<div class=\"menu-item\">\r\n    <div class=\"menu-item-details\">\r\n        <p><b>\r\n            F\u0171szeres s\u00fclt alma, Kossuth-kifli, van\u00edliakr\u00e9m, \u00e1fonya, di\u00f3<\/b>\r\n        <br>\r\n            \u2013 150g \u2013 310kCal (1., 3., 7., 8.)        <\/p>\r\n    <\/div>\r\n    <div class=\"menu-item-price\">\r\n        <p>\r\n            31 RON        <\/p>\r\n    <\/div>\r\n<\/div>\r\n\n<p class=\"has-small-font-size\"><strong>Allergens:<\/strong> 1. Gluten, 2. Crustaceans 3. Eggs 4. Fish 5. Peanuts 6. Soy 7. Milk and milk products 8. Shellfish 9. Celery 10. Mustard 11. Sesame seeds 12. Star cluster 13. Shellfish 14. Sulfites<\/p>\n\t\t<\/div>\n\t\t\t\t<\/article>\n\t\t\t\t<\/div>\n\t\t\n\t\t\t\t\t\t<\/div>\n\t\t\t\t<\/div>\n\t\t\t\t<\/div>\n\t\t<div class=\"elementor-element elementor-element-b178665 e-con-full e-flex elementor-invisible e-con e-child\" data-id=\"b178665\" data-element_type=\"container\" data-e-type=\"container\" id=\"wines\" data-settings=\"{&quot;background_background&quot;:&quot;classic&quot;,&quot;animation&quot;:&quot;fadeInUp&quot;,&quot;animation_delay&quot;:100}\">\n\t\t\t\t<div class=\"elementor-element elementor-element-faa0cdd elementor-widget elementor-widget-posts\" data-id=\"faa0cdd\" data-element_type=\"widget\" data-e-type=\"widget\" data-settings=\"{&quot;full_content_row_gap&quot;:{&quot;unit&quot;:&quot;px&quot;,&quot;size&quot;:0,&quot;sizes&quot;:[]}}\" data-widget_type=\"posts.full_content\">\n\t\t\t\t<div class=\"elementor-widget-container\">\n\t\t\t\t\t\t\t<div class=\"elementor-posts-container elementor-posts elementor-posts--skin-full_content elementor-grid\" role=\"list\">\n\t\t\t\t<article class=\"elementor-post elementor-grid-item post-738 menu-card type-menu-card status-publish hentry\" role=\"listitem\">\n\t\t\t\t<div class=\"elementor-post__text\">\n\t\t\n<h2 class=\"wp-block-heading has-text-align-center\">Borlap<\/h2>\n\n\n\n<hr class=\"wp-block-separator has-alpha-channel-opacity\"\/>\n\n\n<h3 class=\"elementor-heading-title elementor-size-default\">\r\n    Pezsg\u0151k \u00e9s habz\u00f3borok <\/h3>\r\n\n\n<div class=\"menu-item\">\r\n    <div class=\"menu-item-details\">\r\n        <p><b>\r\n            Bernardino Prosecco Extra Dry<\/b>\r\n        <br>\r\n            100ml        <\/p>\r\n    <\/div>\r\n    <div class=\"menu-item-price\">\r\n        <p>\r\n            8 RON        <\/p>\r\n    <\/div>\r\n<\/div>\r\n\n\n<div class=\"menu-item\">\r\n    <div class=\"menu-item-details\">\r\n        <p><b>\r\n            Dubicz Zsizsi Frizzante<\/b>\r\n        <br>\r\n            100ml        <\/p>\r\n    <\/div>\r\n    <div class=\"menu-item-price\">\r\n        <p>\r\n            9 RON        <\/p>\r\n    <\/div>\r\n<\/div>\r\n\n\n\n<hr class=\"wp-block-separator has-alpha-channel-opacity\"\/>\n\n\n<h3 class=\"elementor-heading-title elementor-size-default\">\r\n    Feh\u00e9rborok &#8211; poh\u00e1rra<\/h3>\r\n\n\n<div class=\"menu-item\">\r\n    <div class=\"menu-item-details\">\r\n        <p><b>\r\n            Dubicz Tramini (HU, f\u00e9l\u00e9des)<\/b>\r\n        <br>\r\n            100ml        <\/p>\r\n    <\/div>\r\n    <div class=\"menu-item-price\">\r\n        <p>\r\n            7 RON        <\/p>\r\n    <\/div>\r\n<\/div>\r\n\n\n<div class=\"menu-item\">\r\n    <div class=\"menu-item-details\">\r\n        <p><b>\r\n            Zelna Barka White (HU, sz\u00e1raz)<\/b>\r\n        <br>\r\n            100ml        <\/p>\r\n    <\/div>\r\n    <div class=\"menu-item-price\">\r\n        <p>\r\n            10 RON        <\/p>\r\n    <\/div>\r\n<\/div>\r\n\n\n<div class=\"menu-item\">\r\n    <div class=\"menu-item-details\">\r\n        <p><b>\r\n            Catleya Freamat Alb (RO, sz\u00e1raz)<\/b>\r\n        <br>\r\n            100ml        <\/p>\r\n    <\/div>\r\n    <div class=\"menu-item-price\">\r\n        <p>\r\n            10 RON        <\/p>\r\n    <\/div>\r\n<\/div>\r\n\n\n<div class=\"menu-item\">\r\n    <div class=\"menu-item-details\">\r\n        <p><b>\r\n            Nigl Gr\u00fcner Vertelini (AT, sz\u00e1raz)<\/b>\r\n        <br>\r\n            100ml        <\/p>\r\n    <\/div>\r\n    <div class=\"menu-item-price\">\r\n        <p>\r\n            17 RON        <\/p>\r\n    <\/div>\r\n<\/div>\r\n\n\n<div class=\"menu-item\">\r\n    <div class=\"menu-item-details\">\r\n        <p><b>\r\n            Cantina Puiatti Sauvignon Blanc (IT, sz\u00e1raz)<\/b>\r\n        <br>\r\n            100ml        <\/p>\r\n    <\/div>\r\n    <div class=\"menu-item-price\">\r\n        <p>\r\n            17 RON        <\/p>\r\n    <\/div>\r\n<\/div>\r\n\n\n\n<hr class=\"wp-block-separator has-alpha-channel-opacity\"\/>\n\n\n<h3 class=\"elementor-heading-title elementor-size-default\">\r\n    V\u00f6r\u00f6sborok<\/h3>\r\n\n\n<div class=\"menu-item\">\r\n    <div class=\"menu-item-details\">\r\n        <p><b>\r\n            Ipacs Inni J\u00f3, DOC Vill\u00e1ny (HU, sz\u00e1raz)<\/b>\r\n        <br>\r\n            100ml        <\/p>\r\n    <\/div>\r\n    <div class=\"menu-item-price\">\r\n        <p>\r\n            12 RON        <\/p>\r\n    <\/div>\r\n<\/div>\r\n\n\n<div class=\"menu-item\">\r\n    <div class=\"menu-item-details\">\r\n        <p><b>\r\n            Ego Bodegas El Goru 38 Barrels (ES, sz\u00e1raz)<\/b>\r\n        <br>\r\n            100ml        <\/p>\r\n    <\/div>\r\n    <div class=\"menu-item-price\">\r\n        <p>\r\n            20 RON        <\/p>\r\n    <\/div>\r\n<\/div>\r\n\n\n<div class=\"menu-item\">\r\n    <div class=\"menu-item-details\">\r\n        <p><b>\r\n            Cricova Vin Virgin (MD, sz\u00e1raz)<\/b>\r\n        <br>\r\n            100ml        <\/p>\r\n    <\/div>\r\n    <div class=\"menu-item-price\">\r\n        <p>\r\n            20 RON        <\/p>\r\n    <\/div>\r\n<\/div>\r\n\n\n\n<p class=\"has-small-font-size\"><strong>Alerg\u00e9nek:<\/strong> 1. Glut\u00e9n, 2. R\u00e1kok 3. Toj\u00e1s 4. Hal 5. F\u00f6ldimogyor\u00f3 6. Sz\u00f3ja 7. Tej \u00e9s tejterm\u00e9kek 8. Csonth\u00e9jasok 9. Zeller 10. Must\u00e1r 11. Szez\u00e1mmag 12. Csillagf\u00fcrt 13. Kagyl\u00f3 14. Szulfitok<\/p>\n\t\t<\/div>\n\t\t\t\t<\/article>\n\t\t\t\t<\/div>\n\t\t\n\t\t\t\t\t\t<\/div>\n\t\t\t\t<\/div>\n\t\t\t\t<\/div>\n\t\t\t\t\t<\/div>\n\t\t\t\t<\/div>\n\t\t\t\t<\/div>\n\t\t","protected":false},"excerpt":{"rendered":"<p>Food and drinks men\u00fc WEEKLY MENU DRINKS WINES<\/p>\n","protected":false},"author":1,"featured_media":0,"parent":0,"menu_order":7,"comment_status":"closed","ping_status":"closed","template":"elementor_header_footer","meta":{"_acf_changed":false,"footnotes":""},"class_list":["post-850","page","type-page","status-publish","hentry"],"acf":[],"_links":{"self":[{"href":"https:\/\/schwarzbistro.ro\/en\/wp-json\/wp\/v2\/pages\/850","targetHints":{"allow":["GET"]}}],"collection":[{"href":"https:\/\/schwarzbistro.ro\/en\/wp-json\/wp\/v2\/pages"}],"about":[{"href":"https:\/\/schwarzbistro.ro\/en\/wp-json\/wp\/v2\/types\/page"}],"author":[{"embeddable":true,"href":"https:\/\/schwarzbistro.ro\/en\/wp-json\/wp\/v2\/users\/1"}],"replies":[{"embeddable":true,"href":"https:\/\/schwarzbistro.ro\/en\/wp-json\/wp\/v2\/comments?post=850"}],"version-history":[{"count":1,"href":"https:\/\/schwarzbistro.ro\/en\/wp-json\/wp\/v2\/pages\/850\/revisions"}],"predecessor-version":[{"id":851,"href":"https:\/\/schwarzbistro.ro\/en\/wp-json\/wp\/v2\/pages\/850\/revisions\/851"}],"wp:attachment":[{"href":"https:\/\/schwarzbistro.ro\/en\/wp-json\/wp\/v2\/media?parent=850"}],"curies":[{"name":"wp","href":"https:\/\/api.w.org\/{rel}","templated":true}]}}